{"id":444,"date":"2021-05-21T07:31:39","date_gmt":"2021-05-21T06:31:39","guid":{"rendered":"https:\/\/matavenero.net\/?page_id=444"},"modified":"2025-03-25T22:47:56","modified_gmt":"2025-03-25T21:47:56","slug":"visita","status":"publish","type":"page","link":"https:\/\/matavenero.net\/index.php\/visita\/","title":{"rendered":"Visita"},"content":{"rendered":"<p>[et_pb_section fb_built=\u00bb1&#8243; _builder_version=\u00bb4.27.4&#8243; background_video_mp4=\u00bbhttps:\/\/matavenero.net\/wp-content\/uploads\/2025\/03\/matavenero-en-otono.mp4&#8243; height=\u00bb681px\u00bb height_tablet=\u00bb681px\u00bb height_phone=\u00bb681px\u00bb height_last_edited=\u00bbon|phone\u00bb global_colors_info=\u00bb{}\u00bb][et_pb_row disabled_on=\u00bboff|off|off\u00bb _builder_version=\u00bb4.27.4&#8243; background_size=\u00bbinitial\u00bb background_position=\u00bbtop_left\u00bb background_repeat=\u00bbrepeat\u00bb width=\u00bb87%\u00bb global_colors_info=\u00bb{}\u00bb][et_pb_column type=\u00bb4_4&#8243; _builder_version=\u00bb4.16&#8243; custom_padding=\u00bb|||\u00bb global_colors_info=\u00bb{}\u00bb custom_padding__hover=\u00bb|||\u00bb][et_pb_divider show_divider=\u00bboff\u00bb disabled_on=\u00bboff|off|off\u00bb _builder_version=\u00bb4.27.4&#8243; _module_preset=\u00bbdefault\u00bb width=\u00bb100%\u00bb height=\u00bb238px\u00bb height_tablet=\u00bb633px\u00bb height_phone=\u00bb161px\u00bb height_last_edited=\u00bbon|desktop\u00bb max_height=\u00bb1000px\u00bb global_colors_info=\u00bb{}\u00bb][\/et_pb_divider][et_pb_text _builder_version=\u00bb4.27.4&#8243; _module_preset=\u00bbdefault\u00bb text_font=\u00bbCorinthia|700|||||||\u00bb text_text_color=\u00bbrgba(255,255,255,0.81)\u00bb text_font_size=\u00bb153px\u00bb text_orientation=\u00bbcenter\u00bb text_text_color_tablet=\u00bbrgba(255,255,255,0.81)\u00bb text_text_color_phone=\u00bbrgba(255,255,255,0.81)\u00bb text_text_color_last_edited=\u00bbon|phone\u00bb text_font_size_tablet=\u00bb153px\u00bb text_font_size_phone=\u00bb99px\u00bb text_font_size_last_edited=\u00bbon|phone\u00bb global_colors_info=\u00bb{}\u00bb]<\/p>\n<p>Visitas<\/p>\n<p>[\/et_pb_text][\/et_pb_column][\/et_pb_row][et_pb_row _builder_version=\u00bb4.27.4&#8243; _module_preset=\u00bbdefault\u00bb global_colors_info=\u00bb{}\u00bb][et_pb_column type=\u00bb4_4&#8243; _builder_version=\u00bb4.27.4&#8243; _module_preset=\u00bbdefault\u00bb global_colors_info=\u00bb{}\u00bb][et_pb_text _builder_version=\u00bb4.27.4&#8243; _module_preset=\u00bbdefault\u00bb text_font=\u00bbAdvent Pro|700|||||||\u00bb text_text_color=\u00bb#ffffff\u00bb text_font_size=\u00bb21px\u00bb text_orientation=\u00bbcenter\u00bb hover_enabled=\u00bb0&#8243; text_font_size_tablet=\u00bb21px\u00bb text_font_size_phone=\u00bb19px\u00bb text_font_size_last_edited=\u00bbon|phone\u00bb global_colors_info=\u00bb{}\u00bb background_color=\u00bbrgba(0,0,0,0.2)\u00bb border_radii=\u00bbon|12px|12px|12px|12px\u00bb sticky_enabled=\u00bb0&#8243;]<\/p>\n<p>Estamos abiertos a gente que quiera compartir alegr\u00eda, sabidur\u00eda, experiencias<strong> y <span style=\"font-family: 'Advent Pro';\">gana<\/span><span style=\"font-family: 'Advent Pro';\">s<\/span><\/strong> de colaborar. No organizamos las visitas as\u00ed que se puede venir sin que sea necesaria cualquier reserva. Tenemos un albergue y una zona habilitada para acampar que funcionan de maneja auto gestionada y con donaciones. <span style=\"color: #ffffff;\"><strong><span style=\"text-decoration: underline;\">La estancia m\u00e1xima es de 15<\/span> d\u00edas<\/strong>, ya sea en el albergue, o camping.<\/span><\/p>\n<p>[\/et_pb_text][\/et_pb_column][\/et_pb_row][\/et_pb_section][et_pb_section fb_built=\u00bb1&#8243; _builder_version=\u00bb4.27.4&#8243; _module_preset=\u00bbdefault\u00bb global_colors_info=\u00bb{}\u00bb][et_pb_row _builder_version=\u00bb4.20.4&#8243; background_size=\u00bbinitial\u00bb background_position=\u00bbtop_left\u00bb background_repeat=\u00bbrepeat\u00bb width=\u00bb87%\u00bb min_height=\u00bb848.1px\u00bb custom_margin=\u00bb-29px|auto||auto||\u00bb custom_padding=\u00bb4px|||||\u00bb global_colors_info=\u00bb{}\u00bb][et_pb_column type=\u00bb4_4&#8243; _builder_version=\u00bb4.16&#8243; custom_padding=\u00bb|||\u00bb global_colors_info=\u00bb{}\u00bb custom_padding__hover=\u00bb|||\u00bb][et_pb_text _builder_version=\u00bb4.27.4&#8243; text_font=\u00bbAdvent Pro|700|||||||\u00bb text_font_size=\u00bb17px\u00bb background_size=\u00bbinitial\u00bb background_position=\u00bbtop_left\u00bb background_repeat=\u00bbrepeat\u00bb inline_fonts=\u00bbAdvent Pro\u00bb global_colors_info=\u00bb{}\u00bb]<\/p>\n<p style=\"text-align: center;\"><!-- \/divi:paragraph --><\/p>\n<p style=\"text-align: center;\"><!-- divi:paragraph -->Actualmente en Matavenero no contamos con un servicio de tienda o comedor fijo. Nosotros te recomendamos que traigas algo pues para acceder al supermercado m\u00e1s cercano tendr\u00e1s que recorrer varios kil\u00f3metros por pista de tierra. Ten en cuenta que a parte de los <a href=\"https:\/\/asociacion.matavenero.net\/erasmus-europeo\/\">periodos de voluntariado<\/a> que organizamos, no ofrecemos trabajos en la comunidad a cambio de la estancia y comida, por lo que es muy importante que las visitas sean aut\u00f3nomas para las comidas.<\/p>\n<p style=\"text-align: center;\">Recuerda que ;<span style=\"font-size: 18px;\"><\/span><\/p>\n<p style=\"text-align: center;\"><span style=\"font-size: 18px;\">No hagas fuego, est\u00e1 prohibido<\/span><\/p>\n<p style=\"text-align: center;\"><span style=\"font-size: 18px;\">No esta permitido acampar fuera de la zona habilitada<\/span><\/p>\n<p style=\"text-align: center;\"><span style=\"font-size: 18px;\">No traigas mucha basura y la que traigas oc\u00fapate de ella por favor<\/span><\/p>\n<p style=\"text-align: center;\"><span style=\"font-size: 18px;\">Mira por la intimidad de la gente, hay zonas privadas, resp\u00e9talas<\/span><br \/><span style=\"font-size: 18px;\"><\/span><\/p>\n<p style=\"text-align: center;\">En el pueblo no hay cobertura telef\u00f3nica<span style=\"font-size: 18px;\"><\/span><\/p>\n<p style=\"text-align: center;\"><span style=\"font-size: 18px; text-align: center;\">El acceso a Matavenero es complicado, inf\u00f3rmate bien de <\/span><a href=\"https:\/\/matavenero.net\/index.php\/contacto\/\" data-type=\"page\" data-id=\"469\" style=\"font-size: 18px; text-align: center;\">c\u00f3mo llegar<\/a><\/p>\n<p style=\"text-align: center;\"><!-- \/divi:paragraph --><\/p>\n<p style=\"text-align: center;\"><!-- divi:paragraph {\"align\":\"center\"} --><\/p>\n<p style=\"text-align: center;\">\n<p style=\"text-align: center;\">\n<p style=\"text-align: center;\">\n<p style=\"text-align: center;\"><!-- \/divi:paragraph --><\/p>\n<p>[\/et_pb_text][et_pb_text _builder_version=\u00bb4.20.4&#8243; _module_preset=\u00bbdefault\u00bb text_font=\u00bbCorinthia|700|||||||\u00bb text_font_size=\u00bb50px\u00bb text_orientation=\u00bbcenter\u00bb custom_margin=\u00bb-62px|||||\u00bb global_colors_info=\u00bb{}\u00bb]<\/p>\n<p>Cocina com\u00fan<\/p>\n<p>[\/et_pb_text][et_pb_text _builder_version=\u00bb4.20.4&#8243; _module_preset=\u00bbdefault\u00bb text_font=\u00bbAdvent Pro|700|||||||\u00bb text_font_size=\u00bb17px\u00bb global_colors_info=\u00bb{}\u00bb]<\/p>\n<p style=\"text-align: left;\"><!-- \/divi:paragraph --><\/p>\n<p style=\"text-align: center;\"><!-- divi:paragraph -->Es el nombre del edificio de nuestro albergue. En ello encontrar\u00e1s unas cuantas literas con colchones, una cocina de le\u00f1a, un fregadero, utensilios de cocina y una mesa y bancos donde comer. No es necesario hacer reservas, la ocupaci\u00f3n depende del orden de llegada, en circunstancias especiales puede estar ocupada por necesidades del pueblo.<\/p>\n<p style=\"text-align: left;\"><!-- \/divi:paragraph --><\/p>\n<p style=\"text-align: left;\"><!-- divi:paragraph {\"align\":\"center\"} --><\/p>\n<p>[\/et_pb_text][et_pb_text _builder_version=\u00bb4.20.4&#8243; _module_preset=\u00bbdefault\u00bb text_font=\u00bbCorinthia|700|||||||\u00bb text_font_size=\u00bb50px\u00bb text_orientation=\u00bbcenter\u00bb global_colors_info=\u00bb{}\u00bb]<\/p>\n<p>Zona de acampada<\/p>\n<p>[\/et_pb_text][et_pb_text _builder_version=\u00bb4.20.4&#8243; _module_preset=\u00bbdefault\u00bb text_font=\u00bbAdvent Pro|700|||||||\u00bb text_font_size=\u00bb18px\u00bb global_colors_info=\u00bb{}\u00bb]<\/p>\n<p style=\"text-align: left;\"><!-- \/divi:paragraph --><\/p>\n<p style=\"text-align: left;\"><!-- \/divi:paragraph --><\/p>\n<p style=\"text-align: center;\"><!-- divi:paragraph -->En el pueblo tenemos habilitada una zona de acampada que esta acondicionada con un compos-toilet, una ducha y un fregadero.<\/p>\n<p style=\"text-align: center;\"><span style=\"font-size: 18px;\">No est\u00e1 permitido el uso de camping-gas en esta zona, un accidente con fuego dentro de la aldea ser\u00eda muy peligroso.<\/span><\/p>\n<p>&nbsp;<\/p>\n<p>[\/et_pb_text][\/et_pb_column][\/et_pb_row][\/et_pb_section]<\/p>\n","protected":false},"excerpt":{"rendered":"<p>VisitasEstamos abiertos a gente que quiera compartir alegr\u00eda, sabidur\u00eda, experiencias y ganas de colaborar. No organizamos las visitas as\u00ed que se puede venir sin que sea necesaria cualquier reserva. Tenemos un albergue y una zona habilitada para acampar que funcionan de maneja auto gestionada y con donaciones. La estancia m\u00e1xima es de 15 d\u00edas, ya [&hellip;]<\/p>\n","protected":false},"author":1,"featured_media":0,"parent":0,"menu_order":0,"comment_status":"closed","ping_status":"closed","template":"","meta":{"_et_pb_use_builder":"on","_et_pb_old_content":"<!-- wp:image {\"id\":436,\"sizeSlug\":\"large\",\"linkDestination\":\"none\"} -->\n<figure class=\"wp-block-image size-large\"><img src=\"http:\/\/matavenero.net\/wp-content\/uploads\/2021\/05\/MG_6620.jpg\" alt=\"\" class=\"wp-image-436\"\/><\/figure>\n<!-- \/wp:image -->\n\n<!-- wp:paragraph -->\n<p>En Matavenero vivimos muchas personas, muchas nacionalidades, intereses y formas de vivir y sentir el mundo. Nos unen conceptos b\u00e1sicos, pero las distancias individuales en la aplicaci\u00f3n de esos conceptos son enormes, por lo que el respeto a las libertades individuales es el punto m\u00e1s fuerte de nuestra aldea.<\/p>\n<!-- \/wp:paragraph -->\n\n<!-- wp:paragraph -->\n<p>Actualmente Matavenero es un pueblo reconstruido, no una comunidad, aunque compartimos muchas cosas de la vida cotidiana, tareas, espacios, etc... El pueblo en constante cambio intenta integrar distintas ideas por lo que aqu\u00ed podr\u00e1s encontrar una econom\u00eda y una infraestructura com\u00fan coexistiendo tambi\u00e9n con la propiedad privada y unas econom\u00edas familiares independientes.<\/p>\n<!-- \/wp:paragraph -->\n\n<!-- wp:paragraph -->\n<p>Estamos abiertos a gente que quiera compartir alegr\u00eda, sabidur\u00eda, experiencias y ganas de colaborar. La estancia m\u00e1xima es de 15 d\u00edas, ya sea en el albergue, o camping.<\/p>\n<!-- \/wp:paragraph -->\n\n<!-- wp:paragraph {\"align\":\"center\"} -->\n<p class=\"has-text-align-center\"><strong>Cocina com\u00fan:<\/strong><strong><\/strong><\/p>\n<!-- \/wp:paragraph -->\n\n<!-- wp:paragraph -->\n<p>Es el nombre del edificio de nuestro albergue. En ello encontrar\u00e1s unas cuantas literas con colchones, una cocina de le\u00f1a, un fregadero, utensilios de cocina y una mesa y bancos donde comer. No es necesario hacer reservas, la ocupaci\u00f3n depende del orden de llegada, en circunstancias especiales puede estar ocupada por necesidades del pueblo.<\/p>\n<!-- \/wp:paragraph -->\n\n<!-- wp:paragraph {\"align\":\"center\"} -->\n<p class=\"has-text-align-center\"><strong>Zona de acampada:<\/strong><strong><\/strong><\/p>\n<!-- \/wp:paragraph -->\n\n<!-- wp:paragraph -->\n<p>En el pueblo tenemos habilitada una zona de acampada que esta acondicionada con un compos-toilet, una ducha y un fregadero.<\/p>\n<!-- \/wp:paragraph -->\n\n<!-- wp:paragraph -->\n<p>No est\u00e1 permitido el uso de camping-gas en esta zona, un accidente con fuego dentro de la aldea ser\u00eda muy peligroso.<\/p>\n<!-- \/wp:paragraph -->\n\n<!-- wp:paragraph -->\n<p>No hagas fuego, est\u00e1 prohibido.<\/p>\n<!-- \/wp:paragraph -->\n\n<!-- wp:paragraph -->\n<p>Fuera de esta zona est\u00e1 prohibido acampar.<\/p>\n<!-- \/wp:paragraph -->\n\n<!-- wp:paragraph -->\n<p>Actualmente en Matavenero no contamos con un servicio de tienda o comedor fijo. Nosotros te recomendamos que traigas algo pues para acceder al supermercado m\u00e1s cercano tendr\u00e1s que recorrer varios kil\u00f3metros por pista de tierra.<\/p>\n<!-- \/wp:paragraph -->\n\n<!-- wp:paragraph -->\n<p>No traigas mucha basura y la que traigas oc\u00fapate de ella por favor.<\/p>\n<!-- \/wp:paragraph -->\n\n<!-- wp:paragraph -->\n<p>Mira por la intimidad de la gente, hay zonas privadas, resp\u00e9talas.<\/p>\n<!-- \/wp:paragraph -->\n\n<!-- wp:paragraph -->\n<p>El acceso a Matavenero es complicado, inf\u00f3rmate bien de <a href=\"https:\/\/matavenero.net\/index.php\/contacto\/\" data-type=\"page\" data-id=\"469\">c\u00f3mo llegar.<\/a><\/p>\n<!-- \/wp:paragraph -->","_et_gb_content_width":"","om_disable_all_campaigns":false,"_monsterinsights_skip_tracking":false,"_monsterinsights_sitenote_active":false,"_monsterinsights_sitenote_note":"","_monsterinsights_sitenote_category":0,"footnotes":""},"class_list":["post-444","page","type-page","status-publish","hentry"],"aioseo_notices":[],"_links":{"self":[{"href":"https:\/\/matavenero.net\/index.php\/wp-json\/wp\/v2\/pages\/444","targetHints":{"allow":["GET"]}}],"collection":[{"href":"https:\/\/matavenero.net\/index.php\/wp-json\/wp\/v2\/pages"}],"about":[{"href":"https:\/\/matavenero.net\/index.php\/wp-json\/wp\/v2\/types\/page"}],"author":[{"embeddable":true,"href":"https:\/\/matavenero.net\/index.php\/wp-json\/wp\/v2\/users\/1"}],"replies":[{"embeddable":true,"href":"https:\/\/matavenero.net\/index.php\/wp-json\/wp\/v2\/comments?post=444"}],"version-history":[{"count":34,"href":"https:\/\/matavenero.net\/index.php\/wp-json\/wp\/v2\/pages\/444\/revisions"}],"predecessor-version":[{"id":1074,"href":"https:\/\/matavenero.net\/index.php\/wp-json\/wp\/v2\/pages\/444\/revisions\/1074"}],"wp:attachment":[{"href":"https:\/\/matavenero.net\/index.php\/wp-json\/wp\/v2\/media?parent=444"}],"curies":[{"name":"wp","href":"https:\/\/api.w.org\/{rel}","templated":true}]}}