{"id":453,"date":"2021-05-21T08:36:55","date_gmt":"2021-05-21T07:36:55","guid":{"rendered":"https:\/\/matavenero.net\/?page_id=453"},"modified":"2025-03-25T23:32:21","modified_gmt":"2025-03-25T22:32:21","slug":"presentacion","status":"publish","type":"page","link":"https:\/\/matavenero.net\/index.php\/presentacion\/","title":{"rendered":"Presentacion"},"content":{"rendered":"<p>[et_pb_section fb_built=\u00bb1&#8243; _builder_version=\u00bb4.27.4&#8243; hover_enabled=\u00bb0&#8243; global_colors_info=\u00bb{}\u00bb title_text=\u00bbmatavener parque infantil\u00bb background_video_mp4=\u00bbhttps:\/\/matavenero.net\/wp-content\/uploads\/2025\/03\/matavener-parque-infantil.mp4&#8243; sticky_enabled=\u00bb0&#8243; height=\u00bb787px\u00bb][et_pb_row _builder_version=\u00bb4.27.4&#8243; _module_preset=\u00bbdefault\u00bb][et_pb_column _builder_version=\u00bb4.27.4&#8243; _module_preset=\u00bbdefault\u00bb type=\u00bb4_4&#8243;][et_pb_heading title=\u00bbPresentaci\u00f3n\u00bb _builder_version=\u00bb4.27.4&#8243; _module_preset=\u00bbdefault\u00bb hover_enabled=\u00bb0&#8243; sticky_enabled=\u00bb0&#8243; title_font=\u00bbCorinthia||||||||\u00bb title_text_align=\u00bbcenter\u00bb title_text_color=\u00bbrgba(0,10,7,0.58)\u00bb title_font_size=\u00bb112px\u00bb title_font_size_last_edited=\u00bbon|phone\u00bb title_font_size_phone=\u00bb75px\u00bb title_font_size_tablet=\u00bb112px\u00bb][\/et_pb_heading][\/et_pb_column][\/et_pb_row][\/et_pb_section][et_pb_section fb_built=\u00bb1&#8243; theme_builder_area=\u00bbpost_content\u00bb _builder_version=\u00bb4.27.4&#8243; _module_preset=\u00bbdefault\u00bb][et_pb_row _builder_version=\u00bb4.20.4&#8243; background_size=\u00bbinitial\u00bb background_position=\u00bbtop_left\u00bb background_repeat=\u00bbrepeat\u00bb width=\u00bb87%\u00bb custom_margin=\u00bb||||false|true\u00bb custom_padding=\u00bb|0px|||false|false\u00bb global_colors_info=\u00bb{}\u00bb theme_builder_area=\u00bbpost_content\u00bb][et_pb_column type=\u00bb4_4&#8243; _builder_version=\u00bb4.16&#8243; custom_padding=\u00bb|||\u00bb global_colors_info=\u00bb{}\u00bb custom_padding__hover=\u00bb|||\u00bb theme_builder_area=\u00bbpost_content\u00bb][et_pb_text _builder_version=\u00bb4.20.4&#8243; text_font=\u00bbAdvent Pro|700|||||||\u00bb text_font_size=\u00bb17px\u00bb background_size=\u00bbinitial\u00bb background_position=\u00bbtop_left\u00bb background_repeat=\u00bbrepeat\u00bb text_orientation=\u00bbcenter\u00bb min_height=\u00bb169px\u00bb custom_margin=\u00bb||-45px|||\u00bb custom_padding=\u00bb||0px|||\u00bb global_colors_info=\u00bb{}\u00bb theme_builder_area=\u00bbpost_content\u00bb]<!-- divi:paragraph --><\/p>\n<p>Este proyecto nacido en 1989, se fund\u00f3 por un grupo de personas pertenecientes al movimiento rainbow. A trav\u00e9s de un anuncio por parte de la diputaci\u00f3n, el cual expresaba la preocupaci\u00f3n por el abandono rural y la creciente despoblaci\u00f3n en la provincia de le\u00f3n se les cedi\u00f3 este valle abandonado de tan singular belleza, para que llevaran a cabo su experimento y pasar del sue\u00f1o a la realidad: \u201cuna vida en armon\u00eda con los ciclos de la naturaleza y en comunidad.\u201d<\/p>\n<p>En la actualidad, convivimos un grupo de personas muy heterog\u00e9neo tanto en nacionalidades como ideolog\u00edas, intereses, formas de vivir y sentir el mundo.<\/p>\n<p>Desde el principio, la visi\u00f3n del proyecto ha sido el vivir en la naturaleza respetando y disfrutando de sus ritmos y abundancia, en armon\u00eda con el entorno y buscando el mayor grado de autosuficiencia posible, reduciendo el consumo y dependencia en la alimentaci\u00f3n y salud con el exterior, vivir en un lugar donde poder criar a lxs ni\u00f1xs de la forma m\u00e1s natural y promoviendo el desarrollo rural y la protecci\u00f3n contra incendios forestales para proteger y mejorar el medio ambiente.<\/p>\n<p>Otro de los pilares, es el respeto de las libertades individuales y de la diversidad grupal. Cada una decide libremente cuanto, como y cuando aporta al com\u00fan, y de qu\u00e9 manera conduce su vida haci\u00e9ndose responsable de sus actos o siendo consecuente de estos.\u00a0<\/p>\n<p>&nbsp;<\/p>\n<p><!-- divi:paragraph --><!-- divi:paragraph --><\/p>\n<p>&nbsp;<\/p>\n<p>&nbsp;<\/p>\n<p>&nbsp;<\/p>\n<p><!-- \/divi:paragraph -->[\/et_pb_text][et_pb_accordion toggle_icon=\u00bb&#x47;||divi||400&#8243; _builder_version=\u00bb4.21.0&#8243; _module_preset=\u00bbdefault\u00bb background_color=\u00bb#FFFFFF\u00bb min_height=\u00bb647.8px\u00bb border_radii=\u00bbon|15px|15px|15px|15px\u00bb global_colors_info=\u00bb{}\u00bb theme_builder_area=\u00bbpost_content\u00bb][et_pb_accordion_item title=\u00bbDimensi\u00f3n ecol\u00f3gica\u00bb open=\u00bbon\u00bb _builder_version=\u00bb4.21.0&#8243; _module_preset=\u00bbdefault\u00bb inline_fonts=\u00bbAdvent Pro\u00bb global_colors_info=\u00bb{}\u00bb toggle_font=\u00bbAdvent Pro|600|||||||\u00bb theme_builder_area=\u00bbpost_content\u00bb]<\/p>\n<p style=\"font-weight: 400;\"><span style=\"font-size: medium;\"><strong><span style=\"font-family: 'Advent Pro';\">Cuidamos el medio ambiente evitando el uso de pesticidas y productos qu\u00edmicos, solamente son admitidos jabones y productos de limpieza biodegradables. Empleamos sistemas de depuraci\u00f3n naturales a base de plantas y diferentes materiales org\u00e1nicos. El agua no est\u00e1 tratada y el sistema de canales y distribuci\u00f3n de agua asegura la repartici\u00f3n entre los habitantes y la irrigaci\u00f3n por los caminos y prados promoviendo la flora y fauna del entorno.<\/span><\/strong><\/span><\/p>\n<p style=\"font-weight: 400;\"><span style=\"font-size: medium;\"><strong><span style=\"font-family: 'Advent Pro';\">Las huertas est\u00e1n basadas en los principios de la agricultura ecol\u00f3gica y\/o permacultura. Se promueve una apicultura ecol\u00f3gica y ganader\u00eda sostenible para el medio ambiente y el autoabastecimiento. Desarrollando el autoabastecimiento se busca la reducci\u00f3n del volumen de basura, separando estas en material org\u00e1nico para compostaje, quemando papel y cart\u00f3n, reutilizando el vidrio junto a los metales y sacando pl\u00e1sticos y otros materiales reciclables al servicio de reciclaje en la ciudad m\u00e1s pr\u00f3xima.<\/span><\/strong><\/span><\/p>\n<p style=\"font-weight: 400;\"><span style=\"font-size: medium;\"><strong><span style=\"font-family: 'Advent Pro';\">Los sistemas el\u00e9ctricos provienen de energ\u00eda renovable, tanto las casas particulares como la infraestructura com\u00fan se abastecen de energ\u00eda fotovoltaica. Las casas se calientan con le\u00f1a del territorio, manteniendo as\u00ed limpio en la mayor medida nuestro monte.<\/span><\/strong><\/span><\/p>\n<p>[\/et_pb_accordion_item][et_pb_accordion_item title=\u00bbDimensi\u00f3n social\u00bb _builder_version=\u00bb4.21.0&#8243; _module_preset=\u00bbdefault\u00bb inline_fonts=\u00bbAdvent Pro\u00bb global_colors_info=\u00bb{}\u00bb toggle_font=\u00bbAdvent Pro|600|||||||\u00bb open=\u00bboff\u00bb theme_builder_area=\u00bbpost_content\u00bb]<\/p>\n<p style=\"font-weight: 400;\"><span style=\"font-size: medium;\"><strong><span style=\"font-family: 'Advent Pro';\">La toma de decisiones es asamblearia, est\u00e1 facilitada y la asistencia no es obligatoria, al igual que los d\u00edas de trabajos comunales. Existen diferentes grupos de trabajos m\u00e1s espec\u00edficos seg\u00fan las tareas, que se organiza entre las personas que lo conforman: agua, desbroces, mantenimiento canales y caminos, sistema el\u00e9ctrico, grupo pol\u00edtico, escuela, bar, facilitaci\u00f3n, albergue\u2026<\/span><\/strong><\/span><\/p>\n<p style=\"font-weight: 400;\"><span style=\"font-size: medium;\"><strong><span style=\"font-family: 'Advent Pro';\">Matavenero y Poibueno cuentan desde el inicio con un proyecto educativo gestionado por padre y madres y apoyado por la caja com\u00fan. La escuela tiene un enfoque basado en diferentes metodolog\u00edas de educaci\u00f3n libre.<\/span><\/strong><\/span><\/p>\n<p>[\/et_pb_accordion_item][et_pb_accordion_item title=\u00bbDimensi\u00f3n econ\u00f3mica\u00bb _builder_version=\u00bb4.21.0&#8243; _module_preset=\u00bbdefault\u00bb inline_fonts=\u00bbAdvent Pro\u00bb global_colors_info=\u00bb{}\u00bb toggle_font=\u00bbAdvent Pro|600|||||||\u00bb open=\u00bboff\u00bb theme_builder_area=\u00bbpost_content\u00bb]<\/p>\n<p style=\"font-weight: 400;\"><span style=\"font-size: medium;\"><strong><span style=\"font-family: 'Advent Pro';\">Diferenciamos entre la econom\u00eda de lxs habitantes que es privada (carpinteros, esquiladores, artesanos, panaderos, artistas, agricultores, apicultores, facilitadoras, jornaleros, constructores\u2026) de la econom\u00eda com\u00fan, la cual se gestiona desde la Junta Vecinal a partir del uso del territorio por parte de diferentes empresas y subvenciones. Tambi\u00e9n de recaudaciones en las fiestas del pueblo para diferentes proyectos. Con estas entradas monetarias se crea una caja com\u00fan para sostener el mantenimiento y mejoras de espacios comunales, sistemas de agua, apoyar diferentes proyectos sociales, herramientas comunales, crear fiestas y otros eventos culturales y de transformaci\u00f3n.<\/span><\/strong><\/span><\/p>\n<p>[\/et_pb_accordion_item][et_pb_accordion_item title=\u00bbDimensi\u00f3n cultural\u00bb _builder_version=\u00bb4.21.0&#8243; _module_preset=\u00bbdefault\u00bb inline_fonts=\u00bbAdvent Pro\u00bb global_colors_info=\u00bb{}\u00bb toggle_font=\u00bbAdvent Pro|600|||||||\u00bb open=\u00bboff\u00bb theme_builder_area=\u00bbpost_content\u00bb]<\/p>\n<p style=\"font-weight: 400;\"><span style=\"font-size: medium;\"><strong><span style=\"font-family: 'Advent Pro';\">Cada persona aporta con su sabidur\u00eda o talento\/s, esto hace un abanico de ofertas como encuentros de medicina natural, cursos de canto y m\u00fasica, tai-chi, inipis, danzas, acrobacias, mimbre, fieltro\u2026 Es posible asistir tanto a una sesi\u00f3n de mantras o folk, a encuentros de tambores por la tierra, como a conciertos punks o noches de m\u00fasica electr\u00f3nica.<\/span><\/strong><\/span><\/p>\n<p style=\"font-weight: 400;\"><span style=\"font-size: medium;\"><strong><span style=\"font-family: 'Advent Pro';\">Tenemos dos fiestas oficiales al a\u00f1o. A mediados de Mayo, para festejar la patrona Sta. B\u00e1rbara, de los antiguos pobladores, y otra a en Septiembre para conmemorar la llegada de las pionerxs repobladorxs.<\/span><\/strong><\/span><\/p>\n<p style=\"font-weight: 400;\"><span style=\"font-size: medium;\"><strong><span style=\"font-family: 'Advent Pro';\">Tambi\u00e9n se han ido organizando diferentes encuentros de circo, educaci\u00f3n libre y crianza natural como una revista, a partir de iniciativas grupales privadas y autogestionadas. Se han ido desarrollando talleres de transformaci\u00f3n social, de Primeras Auxilios o charlas alrededor del fuego.<\/span><\/strong><\/span><\/p>\n<p>[\/et_pb_accordion_item][\/et_pb_accordion][\/et_pb_column][\/et_pb_row][\/et_pb_section]<\/p>\n","protected":false},"excerpt":{"rendered":"<p>Este proyecto nacido en 1989, se fund\u00f3 por un grupo de personas pertenecientes al movimiento rainbow. A trav\u00e9s de un anuncio por parte de la diputaci\u00f3n, el cual expresaba la preocupaci\u00f3n por el abandono rural y la creciente despoblaci\u00f3n en la provincia de le\u00f3n se les cedi\u00f3 este valle abandonado de tan singular belleza, para [&hellip;]<\/p>\n","protected":false},"author":1,"featured_media":0,"parent":0,"menu_order":0,"comment_status":"closed","ping_status":"closed","template":"","meta":{"_et_pb_use_builder":"on","_et_pb_old_content":"<!-- wp:image {\"id\":433} -->\n<figure class=\"wp-block-image\"><img src=\"http:\/\/matavenero.net\/wp-content\/uploads\/2021\/05\/MG_4920.jpg\" alt=\"\" class=\"wp-image-433\"\/><\/figure>\n<!-- \/wp:image -->\n\n<!-- wp:paragraph -->\n<p>Este proyecto nacido en 1989, se fund\u00f3 por un grupo de personas pertenecientes al movimiento rainbow. A trav\u00e9s de un anuncio por parte de la diputaci\u00f3n, el cual expresaba la preocupaci\u00f3n por el abandono rural y la creciente despoblaci\u00f3n en la provincia de le\u00f3n se les cedi\u00f3 este valle abandonado de tan singular belleza, para que llevaran a cabo su experimento y pasar del sue\u00f1o a la realidad: \u201cuna vida en armon\u00eda con los ciclos de la naturaleza y en comunidad.\u201d<\/p>\n<!-- \/wp:paragraph -->\n\n<!-- wp:paragraph -->\n<p>En la actualidad, convivimos un grupo de personas muy heterog\u00e9neo tanto en nacionalidades como ideolog\u00edas, intereses, formas de vivir y sentir el mundo.<\/p>\n<!-- \/wp:paragraph -->\n\n<!-- wp:paragraph -->\n<p>Desde el principio, la visi\u00f3n del proyecto ha sido el vivir en la naturaleza respetando y disfrutando de sus ritmos y abundancia, en armon\u00eda con el entorno y buscando el mayor grado de autosuficiencia posible, reduciendo el consumo y dependencia en la alimentaci\u00f3n y salud con el exterior, vivir en un lugar donde poder criar a lxs ni\u00f1xs de la forma m\u00e1s natural y promoviendo el desarrollo rural y la protecci\u00f3n contra incendios forestales para proteger y mejorar el medio ambiente.<\/p>\n<!-- \/wp:paragraph -->\n\n<!-- wp:paragraph -->\n<p>Otro de los pilares, es el respeto de las libertades individuales y de la diversidad grupal. Cada una decide libremente cuanto, como y cuando aporta al com\u00fan, y de qu\u00e9 manera conduce su vida haci\u00e9ndose responsable de sus actos o siendo consecuente de estos.<\/p>\n<!-- \/wp:paragraph -->","_et_gb_content_width":"","om_disable_all_campaigns":false,"_monsterinsights_skip_tracking":false,"_monsterinsights_sitenote_active":false,"_monsterinsights_sitenote_note":"","_monsterinsights_sitenote_category":0,"footnotes":""},"class_list":["post-453","page","type-page","status-publish","hentry"],"aioseo_notices":[],"_links":{"self":[{"href":"https:\/\/matavenero.net\/index.php\/wp-json\/wp\/v2\/pages\/453","targetHints":{"allow":["GET"]}}],"collection":[{"href":"https:\/\/matavenero.net\/index.php\/wp-json\/wp\/v2\/pages"}],"about":[{"href":"https:\/\/matavenero.net\/index.php\/wp-json\/wp\/v2\/types\/page"}],"author":[{"embeddable":true,"href":"https:\/\/matavenero.net\/index.php\/wp-json\/wp\/v2\/users\/1"}],"replies":[{"embeddable":true,"href":"https:\/\/matavenero.net\/index.php\/wp-json\/wp\/v2\/comments?post=453"}],"version-history":[{"count":21,"href":"https:\/\/matavenero.net\/index.php\/wp-json\/wp\/v2\/pages\/453\/revisions"}],"predecessor-version":[{"id":1085,"href":"https:\/\/matavenero.net\/index.php\/wp-json\/wp\/v2\/pages\/453\/revisions\/1085"}],"wp:attachment":[{"href":"https:\/\/matavenero.net\/index.php\/wp-json\/wp\/v2\/media?parent=453"}],"curies":[{"name":"wp","href":"https:\/\/api.w.org\/{rel}","templated":true}]}}