{"id":469,"date":"2021-05-22T08:00:00","date_gmt":"2021-05-22T07:00:00","guid":{"rendered":"https:\/\/matavenero.net\/?page_id=469"},"modified":"2025-06-01T19:47:12","modified_gmt":"2025-06-01T18:47:12","slug":"contacto","status":"publish","type":"page","link":"https:\/\/matavenero.net\/index.php\/contacto\/","title":{"rendered":"Contacto"},"content":{"rendered":"<p>[et_pb_section fb_built=\u00bb1&#8243; _builder_version=\u00bb4.16&#8243; global_colors_info=\u00bb{}\u00bb][et_pb_row _builder_version=\u00bb4.16&#8243; background_size=\u00bbinitial\u00bb background_position=\u00bbtop_left\u00bb background_repeat=\u00bbrepeat\u00bb global_colors_info=\u00bb{}\u00bb][et_pb_column type=\u00bb4_4&#8243; _builder_version=\u00bb4.16&#8243; custom_padding=\u00bb|||\u00bb global_colors_info=\u00bb{}\u00bb custom_padding__hover=\u00bb|||\u00bb][et_pb_image src=\u00bbhttps:\/\/matavenero.net\/wp-content\/uploads\/2021\/05\/MG_6620.jpg\u00bb title_text=\u00bb_MG_6620&#8243; _builder_version=\u00bb4.20.4&#8243; _module_preset=\u00bbdefault\u00bb transform_scale=\u00bb90%|90%\u00bb border_radii=\u00bbon|42px|42px|42px|42px\u00bb global_colors_info=\u00bb{}\u00bb][\/et_pb_image][et_pb_text _builder_version=\u00bb4.20.4&#8243; _module_preset=\u00bbdefault\u00bb text_font=\u00bbCorinthia|700|||||||\u00bb text_font_size=\u00bb60px\u00bb text_orientation=\u00bbcenter\u00bb global_colors_info=\u00bb{}\u00bb]<\/p>\n<p>Contacto<\/p>\n<p>[\/et_pb_text][\/et_pb_column][\/et_pb_row][et_pb_row _builder_version=\u00bb4.27.4&#8243; _module_preset=\u00bbdefault\u00bb global_colors_info=\u00bb{}\u00bb][et_pb_column type=\u00bb4_4&#8243; _builder_version=\u00bb4.20.4&#8243; _module_preset=\u00bbdefault\u00bb global_colors_info=\u00bb{}\u00bb][et_pb_text _builder_version=\u00bb4.27.4&#8243; _module_preset=\u00bbdefault\u00bb text_orientation=\u00bbcenter\u00bb global_colors_info=\u00bb{}\u00bb]Ecoaldea Matavenero y Poibueno<br \/>\n24300 Bembibre &#8211; LEON[\/et_pb_text][et_pb_text _builder_version=\u00bb4.20.4&#8243; _module_preset=\u00bbdefault\u00bb text_font=\u00bbAdvent Pro|700|||||||\u00bb text_font_size=\u00bb30px\u00bb text_orientation=\u00bbcenter\u00bb link_option_url=\u00bbmailto:contacto@matavenero.net\u00bb global_colors_info=\u00bb{}\u00bb]<\/p>\n<p>Correo electr\u00f3nico<\/p>\n<p>[\/et_pb_text][et_pb_icon font_icon=\u00bb&#xe010;||divi||400&#8243; icon_color=\u00bb#000000&#8243; url=\u00bbmailto:contacto@matavenero.net\u00bb _builder_version=\u00bb4.20.4&#8243; _module_preset=\u00bbdefault\u00bb global_colors_info=\u00bb{}\u00bb][\/et_pb_icon][\/et_pb_column][\/et_pb_row][et_pb_row _builder_version=\u00bb4.24.3&#8243; _module_preset=\u00bbdefault\u00bb global_colors_info=\u00bb{}\u00bb][et_pb_column type=\u00bb4_4&#8243; _builder_version=\u00bb4.24.3&#8243; _module_preset=\u00bbdefault\u00bb global_colors_info=\u00bb{}\u00bb][et_pb_social_media_follow _builder_version=\u00bb4.24.3&#8243; _module_preset=\u00bbdefault\u00bb text_orientation=\u00bbcenter\u00bb global_colors_info=\u00bb{}\u00bb][et_pb_social_media_follow_network social_network=\u00bbfacebook\u00bb url=\u00bbhttps:\/\/www.facebook.com\/Matavenero\u00bb _builder_version=\u00bb4.24.3&#8243; _module_preset=\u00bbdefault\u00bb background_color=\u00bb#3b5998&#8243; global_colors_info=\u00bb{}\u00bb follow_button=\u00bboff\u00bb url_new_window=\u00bbon\u00bb]facebook[\/et_pb_social_media_follow_network][et_pb_social_media_follow_network social_network=\u00bbinstagram\u00bb url=\u00bbhttps:\/\/www.instagram.com\/ecoaldea_matavenero\/\u00bb _builder_version=\u00bb4.24.3&#8243; _module_preset=\u00bbdefault\u00bb background_color=\u00bb#ea2c59&#8243; global_colors_info=\u00bb{}\u00bb follow_button=\u00bboff\u00bb url_new_window=\u00bbon\u00bb]instagram[\/et_pb_social_media_follow_network][\/et_pb_social_media_follow][et_pb_text _builder_version=\u00bb4.27.4&#8243; _module_preset=\u00bbdefault\u00bb text_font_size=\u00bb18px\u00bb text_orientation=\u00bbcenter\u00bb hover_enabled=\u00bb0&#8243; sticky_enabled=\u00bb0&#8243;]Puedes apoyar nuestro proyecto y hacer una donaci\u00f3n por transferencia bancaria.<br \/>\nEcoaldea Matavenero<br \/>\nBANCA POPOLARE ETICA SCPA, SUCURSAL EN ESPA\u00d1A<br \/>\nBIC\/SWIFT:\u00a0ETICES21XXX<br \/>\nIBAN: ES42 1550 0001 2100 1750 9720<br \/>\n[\/et_pb_text][\/et_pb_column][\/et_pb_row][et_pb_row _builder_version=\u00bb4.20.4&#8243; _module_preset=\u00bbdefault\u00bb global_colors_info=\u00bb{}\u00bb][et_pb_column type=\u00bb4_4&#8243; _builder_version=\u00bb4.20.4&#8243; _module_preset=\u00bbdefault\u00bb global_colors_info=\u00bb{}\u00bb][et_pb_text _builder_version=\u00bb4.20.4&#8243; _module_preset=\u00bbdefault\u00bb text_font=\u00bbCorinthia|700|||||||\u00bb text_font_size=\u00bb60px\u00bb text_orientation=\u00bbcenter\u00bb min_height=\u00bb43.8px\u00bb global_colors_info=\u00bb{}\u00bb]<\/p>\n<p>Como llegar<\/p>\n<p>[\/et_pb_text][\/et_pb_column][\/et_pb_row][et_pb_row column_structure=\u00bb1_2,1_2&#8243; _builder_version=\u00bb4.21.0&#8243; _module_preset=\u00bbdefault\u00bb global_colors_info=\u00bb{}\u00bb][et_pb_column type=\u00bb1_2&#8243; _builder_version=\u00bb4.21.0&#8243; _module_preset=\u00bbdefault\u00bb global_colors_info=\u00bb{}\u00bb][et_pb_text _builder_version=\u00bb4.21.0&#8243; _module_preset=\u00bbdefault\u00bb text_font=\u00bbAdvent Pro|600|||||||\u00bb custom_padding=\u00bb|||2px||\u00bb global_colors_info=\u00bb{}\u00bb]<\/p>\n<p><img decoding=\"async\" src=\"https:\/\/matavenero.net\/wp-content\/uploads\/2023\/05\/coche-deportivo-300x300.png\" width=\"75\" height=\"75 alt=\" class=\"wp-image-748 alignnone size-medium\" style=\"display: block; margin-left: auto; margin-right: auto;\" \/><\/p>\n<h3 style=\"text-align: center;\"><strong>En coche<\/strong><\/h3>\n<p>Para llegar a Matavenero en veh\u00edculo propio la mejor opci\u00f3n es que te dirijas primero a la localidad de Foncebad\u00f3n. Luego podr\u00e1s seguir las indicaciones de la ruta que encontrar\u00e1s en esta p\u00e1gina.<\/p>\n<p>El acceso a Matavenero se realizar\u00e1 por una pista de tierra de unos 7 km de distancia. Es bueno tener en cuenta que el estado de la pista puede variar seg\u00fan las inclemencias del tiempo y su estado de conservaci\u00f3n por lo que es posible que en tu visita a Matavenero encuentres algunos tramos bacheados y que durante los tramos de invierno puedas encontrar zonas con barro o placas de hielo.<\/p>\n<p>Recomendamos conducir con precauci\u00f3n y en la medida de lo posible realizar este tramo durante el d\u00eda\u00a0 para minimizar posibles perdidas.<\/p>\n<p style=\"text-align: center;\">Buen viaje<\/p>\n<p>&nbsp;<\/p>\n<p>[\/et_pb_text][\/et_pb_column][et_pb_column type=\u00bb1_2&#8243; _builder_version=\u00bb4.21.0&#8243; _module_preset=\u00bbdefault\u00bb global_colors_info=\u00bb{}\u00bb][et_pb_code _builder_version=\u00bb4.21.0&#8243; _module_preset=\u00bbdefault\u00bb global_colors_info=\u00bb{}\u00bb]<iframe src=\"https:\/\/www.google.com\/maps\/embed?pb=!1m28!1m12!1m3!1d50247.78884645566!2d-6.4007075840024!3d42.51234015266944!2m3!1f0!2f0!3f0!3m2!1i1024!2i768!4f13.1!4m13!3e0!4m5!1s0xd3753ca9a570f37%3A0xfe1d19450307c432!2zRm9uY2ViYWTDs24sIDI0NzIyLCBMZcOzbg!3m2!1d42.491686!2d-6.342881299999999!4m5!1s0xd374d7bbbdcb46d%3A0xa2bbf12cc6b25b88!2sMatavenero%2024378%20Matavenero%20Le%C3%B3n%20Espa%C3%B1a!3m2!1d42.5371892!2d-6.372181299999999!5e0!3m2!1ses!2ses!4v1684069348029!5m2!1ses!2ses\" width=\"600\" height=\"450\" style=\"border:0;\" allowfullscreen=\"\" loading=\"lazy\" referrerpolicy=\"no-referrer-when-downgrade\"><\/iframe>[\/et_pb_code][\/et_pb_column][\/et_pb_row][et_pb_row column_structure=\u00bb1_2,1_2&#8243; _builder_version=\u00bb4.21.0&#8243; _module_preset=\u00bbdefault\u00bb global_colors_info=\u00bb{}\u00bb][et_pb_column type=\u00bb1_2&#8243; _builder_version=\u00bb4.21.0&#8243; _module_preset=\u00bbdefault\u00bb global_colors_info=\u00bb{}\u00bb][et_pb_text _builder_version=\u00bb4.21.0&#8243; _module_preset=\u00bbdefault\u00bb text_font=\u00bbAdvent Pro|600|||||||\u00bb global_colors_info=\u00bb{}\u00bb]<\/p>\n<p><img loading=\"lazy\" decoding=\"async\" src=\"https:\/\/matavenero.net\/wp-content\/uploads\/2023\/05\/huellas-300x300.png\" width=\"75\" height=\"75\" alt=\"\" class=\"wp-image-753 alignnone size-medium\" style=\"display: block; margin-left: auto; margin-right: auto;\" \/><\/p>\n<h3 style=\"text-align: center;\"><strong>A pie<\/strong><\/h3>\n<p><strong>Si deseas llegar a pie a Matavenero y Poibueno tendr\u00e1s que dirigirte a la localidad de San Facundo desde donde encontrar\u00e1s una ruta de unos 6 km aproximadamente. Es un camino con bastante desnivel acumulado as\u00ed que te recomendamos que metas solo lo necesario en tu equipaje. Te dejamos un enlace al recorrido en esta p\u00e1gina<\/strong><\/p>\n<p>[\/et_pb_text][\/et_pb_column][et_pb_column type=\u00bb1_2&#8243; _builder_version=\u00bb4.21.0&#8243; _module_preset=\u00bbdefault\u00bb global_colors_info=\u00bb{}\u00bb][et_pb_code _builder_version=\u00bb4.21.0&#8243; _module_preset=\u00bbdefault\u00bb global_colors_info=\u00bb{}\u00bb]<iframe src=\"https:\/\/www.google.com\/maps\/embed?pb=!1m18!1m12!1m3!1d4068.7301619391324!2d-6.3730706941565884!3d42.56062806196249!2m3!1f0!2f0!3f0!3m2!1i1024!2i768!4f13.1!3m3!1m2!1s0xd374d060ae66019%3A0x8ce4a440f2dea04f!2s24378%20San%20Facundo%2C%20Le%C3%B3n!5e0!3m2!1ses!2ses!4v1684072107942!5m2!1ses!2ses\" width=\"600\" height=\"450\" style=\"border:0;\" allowfullscreen=\"\" loading=\"lazy\" referrerpolicy=\"no-referrer-when-downgrade\"><\/iframe>[\/et_pb_code][\/et_pb_column][\/et_pb_row][et_pb_row column_structure=\u00bb1_2,1_2&#8243; _builder_version=\u00bb4.21.0&#8243; _module_preset=\u00bbdefault\u00bb global_colors_info=\u00bb{}\u00bb][et_pb_column type=\u00bb1_2&#8243; _builder_version=\u00bb4.21.0&#8243; _module_preset=\u00bbdefault\u00bb global_colors_info=\u00bb{}\u00bb][et_pb_text _builder_version=\u00bb4.21.0&#8243; _module_preset=\u00bbdefault\u00bb text_font=\u00bbAdvent Pro||||||||\u00bb custom_padding=\u00bb||12px|||\u00bb global_colors_info=\u00bb{}\u00bb]<\/p>\n<h5 style=\"text-align: center;\"><strong>Enlace ruta<\/strong><\/h5>\n<p>[\/et_pb_text][et_pb_image src=\u00bbhttps:\/\/matavenero.net\/wp-content\/uploads\/2023\/05\/logo-wikiloc.png\u00bb title_text=\u00bblogo wikiloc\u00bb url=\u00bbhttps:\/\/es.wikiloc.com\/rutas-senderismo\/ruta-san-facundo-pozo-de-las-ollas-matavenero-el-bierzo-actualizada-2021-73989339#lb-embed\u00bb url_new_window=\u00bbon\u00bb _builder_version=\u00bb4.21.0&#8243; _module_preset=\u00bbdefault\u00bb transform_scale=\u00bb48%|48%\u00bb custom_margin=\u00bb-41px|||||\u00bb global_colors_info=\u00bb{}\u00bb][\/et_pb_image][\/et_pb_column][et_pb_column type=\u00bb1_2&#8243; _builder_version=\u00bb4.21.0&#8243; _module_preset=\u00bbdefault\u00bb global_colors_info=\u00bb{}\u00bb][et_pb_text _builder_version=\u00bb4.21.0&#8243; _module_preset=\u00bbdefault\u00bb text_font=\u00bbAdvent Pro||||||||\u00bb text_orientation=\u00bbcenter\u00bb global_colors_info=\u00bb{}\u00bb]<\/p>\n<h5><strong>Si no tienes veh\u00edculo propio<\/strong><\/h5>\n<p>[\/et_pb_text][et_pb_text _builder_version=\u00bb4.21.0&#8243; _module_preset=\u00bbdefault\u00bb text_font=\u00bbAdvent Pro||||||||\u00bb transform_scale_tablet=\u00bb\u00bb transform_scale_phone=\u00bb\u00bb transform_scale_last_edited=\u00bbon|phone\u00bb transform_translate_tablet=\u00bb\u00bb transform_translate_phone=\u00bb\u00bb transform_translate_last_edited=\u00bbon|phone\u00bb transform_rotate_tablet=\u00bb\u00bb transform_rotate_phone=\u00bb\u00bb transform_rotate_last_edited=\u00bbon|phone\u00bb transform_skew_tablet=\u00bb\u00bb transform_skew_phone=\u00bb\u00bb transform_skew_last_edited=\u00bbon|phone\u00bb transform_origin_tablet=\u00bb\u00bb transform_origin_phone=\u00bb\u00bb transform_origin_last_edited=\u00bbon|phone\u00bb transform_styles_last_edited=\u00bbon|phone\u00bb transform_styles_tablet=\u00bb\u00bb transform_styles_phone=\u00bb\u00bb global_colors_info=\u00bb{}\u00bb]<\/p>\n<p style=\"text-align: center;\"><img loading=\"lazy\" decoding=\"async\" src=\"https:\/\/matavenero.net\/wp-content\/uploads\/2023\/05\/autobus-300x300.png\" width=\"50\" height=\"50\" alt=\"\" class=\"wp-image-754 alignnone size-medium\" \/>\u00a0 \u00a0<a href=\"https:\/\/www.alsa.es\/\" target=\"_blank\" rel=\"noopener\">Autobus ALSA hasta Bembibre. \u00a0 \u00a0 \u00a0<\/a><\/p>\n<p style=\"text-align: center;\"><img loading=\"lazy\" decoding=\"async\" src=\"https:\/\/matavenero.net\/wp-content\/uploads\/2023\/05\/taxi-frontal-300x300.png\" width=\"50\" height=\"50\" alt=\"\" class=\"wp-image-759 alignnone size-medium\" \/>\u00a0 \u00a0 <a href=\"tel:+34 673 74 48 00\" target=\"_blank\" rel=\"noopener\">Taxi Felix 24H<\/a><\/p>\n<p>[\/et_pb_text][\/et_pb_column][\/et_pb_row][\/et_pb_section]<\/p>\n","protected":false},"excerpt":{"rendered":"<p>ContactoEcoaldea Matavenero y Poibueno 24300 Bembibre &#8211; LEONCorreo electr\u00f3nicoPuedes apoyar nuestro proyecto y hacer una donaci\u00f3n por transferencia bancaria. Ecoaldea Matavenero BANCA POPOLARE ETICA SCPA, SUCURSAL EN ESPA\u00d1A BIC\/SWIFT:\u00a0ETICES21XXX IBAN: ES42 1550 0001 2100 1750 9720 Como llegar En coche Para llegar a Matavenero en veh\u00edculo propio la mejor opci\u00f3n es que te dirijas primero [&hellip;]<\/p>\n","protected":false},"author":1,"featured_media":0,"parent":0,"menu_order":0,"comment_status":"closed","ping_status":"closed","template":"","meta":{"_et_pb_use_builder":"on","_et_pb_old_content":"<!-- wp:image {\"id\":439,\"sizeSlug\":\"large\",\"linkDestination\":\"none\"} -->\n<figure class=\"wp-block-image size-large\"><img src=\"http:\/\/matavenero.net\/wp-content\/uploads\/2021\/05\/IMG-20171203-WA0012.jpg\" alt=\"\" class=\"wp-image-439\"\/><\/figure>\n<!-- \/wp:image -->\n\n<!-- wp:social-links {\"size\":\"has-normal-icon-size\",\"align\":\"center\",\"className\":\"is-style-pill-shape\"} -->\n<ul class=\"wp-block-social-links aligncenter has-normal-icon-size is-style-pill-shape\"><!-- wp:social-link {\"url\":\"mailto:contacto@matavenero.net\",\"service\":\"mail\"} \/-->\n\n<!-- wp:social-link {\"url\":\"https:\/\/www.facebook.com\/Matavenero\",\"service\":\"facebook\"} \/--><\/ul>\n<!-- \/wp:social-links -->\n\n<!-- wp:media-text {\"mediaId\":472,\"mediaType\":\"image\",\"verticalAlignment\":\"top\"} -->\n<div class=\"wp-block-media-text alignwide is-stacked-on-mobile is-vertically-aligned-top\"><figure class=\"wp-block-media-text__media\"><img src=\"http:\/\/matavenero.net\/wp-content\/uploads\/2021\/05\/cartel-encuentro-COMO-LLEGA1-724x1024.jpg\" alt=\"\" class=\"wp-image-472 size-full\"\/><\/figure><div class=\"wp-block-media-text__content\"><!-- wp:paragraph {\"placeholder\":\"Contenido\u2026\",\"fontSize\":\"large\"} -->\n<p class=\"has-large-font-size\">google maps de la pista desde LE-142 (km28) hasta el parking de Matavenero.<\/p>\n<!-- \/wp:paragraph -->\n\n<!-- wp:html -->\n<iframe src=\"https:\/\/www.google.com\/maps\/embed?pb=!1m28!1m12!1m3!1d47055.0832128263!2d-6.396501757320491!3d42.514025637140556!2m3!1f0!2f0!3f0!3m2!1i1024!2i768!4f13.1!4m13!3e0!4m5!1s0xd3753b72bce2645%3A0xa4d41fbd5f692376!2sFoncebad%C3%B3n%2C%20Camino%20de%20Santiago%2C%20Espa%C3%B1a%2C%20LE-142%2C%20Santa%20Colomba%20de%20Somoza!3m2!1d42.4908006!2d-6.3384979!4m5!1s0xd374d7b989252ad%3A0x195927382200c334!2s24378%20Matavenero%2C%20Le%C3%B3n!3m2!1d42.5372035!2d-6.3720726999999995!5e0!3m2!1ses!2ses!4v1621671206238!5m2!1ses!2ses\" style=\"border:0;\" allowfullscreen=\"\" loading=\"lazy\" width=\"600\" height=\"450\"><\/iframe>\n<!-- \/wp:html --><\/div><\/div>\n<!-- \/wp:media-text -->\n\n<!-- wp:paragraph -->\n<p>Enlace de inter\u00e9s<\/p>\n<!-- \/wp:paragraph -->\n\n<!-- wp:paragraph -->\n<p><a rel=\"noreferrer noopener\" href=\"https:\/\/ecoaldeas.org\/\" target=\"_blank\">Red Ib\u00e9rica de Ecoaldeas<\/a><\/p>\n<!-- \/wp:paragraph -->\n\n<!-- wp:paragraph -->\n<p><a rel=\"noreferrer noopener\" href=\"https:\/\/ecovillage.org\/\" target=\"_blank\">Global ecovilage network<\/a><\/p>\n<!-- \/wp:paragraph -->\n\n<!-- wp:paragraph -->\n<p><\/p>\n<!-- \/wp:paragraph -->","_et_gb_content_width":"","om_disable_all_campaigns":false,"_monsterinsights_skip_tracking":false,"_monsterinsights_sitenote_active":false,"_monsterinsights_sitenote_note":"","_monsterinsights_sitenote_category":0,"footnotes":""},"class_list":["post-469","page","type-page","status-publish","hentry"],"aioseo_notices":[],"_links":{"self":[{"href":"https:\/\/matavenero.net\/index.php\/wp-json\/wp\/v2\/pages\/469","targetHints":{"allow":["GET"]}}],"collection":[{"href":"https:\/\/matavenero.net\/index.php\/wp-json\/wp\/v2\/pages"}],"about":[{"href":"https:\/\/matavenero.net\/index.php\/wp-json\/wp\/v2\/types\/page"}],"author":[{"embeddable":true,"href":"https:\/\/matavenero.net\/index.php\/wp-json\/wp\/v2\/users\/1"}],"replies":[{"embeddable":true,"href":"https:\/\/matavenero.net\/index.php\/wp-json\/wp\/v2\/comments?post=469"}],"version-history":[{"count":47,"href":"https:\/\/matavenero.net\/index.php\/wp-json\/wp\/v2\/pages\/469\/revisions"}],"predecessor-version":[{"id":1100,"href":"https:\/\/matavenero.net\/index.php\/wp-json\/wp\/v2\/pages\/469\/revisions\/1100"}],"wp:attachment":[{"href":"https:\/\/matavenero.net\/index.php\/wp-json\/wp\/v2\/media?parent=469"}],"curies":[{"name":"wp","href":"https:\/\/api.w.org\/{rel}","templated":true}]}}