{"id":617,"date":"2023-04-20T22:17:09","date_gmt":"2023-04-20T21:17:09","guid":{"rendered":"https:\/\/matavenero.net\/?page_id=617"},"modified":"2025-03-25T22:27:47","modified_gmt":"2025-03-25T21:27:47","slug":"proyecto-ecoaldeas-de-matavenero-y-poibueno","status":"publish","type":"page","link":"https:\/\/matavenero.net\/","title":{"rendered":"index"},"content":{"rendered":"<p>[et_pb_section fb_built=\u00bb1&#8243; _builder_version=\u00bb4.27.4&#8243; _module_preset=\u00bbdefault\u00bb background_video_mp4=\u00bbhttps:\/\/matavenero.net\/wp-content\/uploads\/2025\/03\/matavenero-con-neblina.mp4&#8243; hover_enabled=\u00bb0&#8243; global_colors_info=\u00bb{}\u00bb sticky_enabled=\u00bb0&#8243; title_text=\u00bbmatavenero con neblina\u00bb height=\u00bb943px\u00bb height_last_edited=\u00bbon|phone\u00bb height_phone=\u00bb670px\u00bb height_tablet=\u00bb943px\u00bb][et_pb_row _builder_version=\u00bb4.27.4&#8243; _module_preset=\u00bbdefault\u00bb background_enable_color=\u00bboff\u00bb border_radii=\u00bbon|25px|25px|25px|25px\u00bb global_colors_info=\u00bb{}\u00bb custom_margin=\u00bb-50px|auto||auto||\u00bb][et_pb_column type=\u00bb4_4&#8243; _builder_version=\u00bb4.20.4&#8243; _module_preset=\u00bbdefault\u00bb global_colors_info=\u00bb{}\u00bb][et_pb_heading title=\u00bbMatavenero y Poibueno\u00bb _builder_version=\u00bb4.27.4&#8243; _module_preset=\u00bbdefault\u00bb title_font=\u00bbCorinthia|700|||||||\u00bb title_text_align=\u00bbcenter\u00bb title_text_color=\u00bb#683e00&#8243; title_font_size=\u00bb97px\u00bb background_enable_color=\u00bboff\u00bb title_text_color_tablet=\u00bb#683e00&#8243; title_text_color_phone=\u00bbrgba(104,62,0,0.64)\u00bb title_text_color_last_edited=\u00bbon|desktop\u00bb title_font_size_tablet=\u00bb97px\u00bb title_font_size_phone=\u00bb69px\u00bb title_font_size_last_edited=\u00bbon|phone\u00bb title_text_shadow_style=\u00bbpreset3&#8243; title_text_shadow_horizontal_length=\u00bb-0.33em\u00bb title_text_shadow_blur_strength=\u00bb0.32em\u00bb title_text_shadow_color=\u00bb#FFFFFF\u00bb global_colors_info=\u00bb{}\u00bb custom_margin=\u00bb||12px|||\u00bb][\/et_pb_heading][et_pb_text _builder_version=\u00bb4.27.4&#8243; _module_preset=\u00bbdefault\u00bb text_font=\u00bbAdvent Pro|700|||||||\u00bb text_text_color=\u00bb#683e00&#8243; text_font_size=\u00bb23px\u00bb text_line_height=\u00bb1.6em\u00bb text_orientation=\u00bbcenter\u00bb hover_enabled=\u00bb0&#8243; text_font_tablet=\u00bbAdvent Pro|700|||||||\u00bb text_font_phone=\u00bbAdvent Pro|700|||||||\u00bb text_font_last_edited=\u00bbon|phone\u00bb text_text_color_tablet=\u00bb#683e00&#8243; text_text_color_phone=\u00bbrgba(104,62,0,0.64)\u00bb text_text_color_last_edited=\u00bbon|phone\u00bb text_line_height_tablet=\u00bb0.2em\u00bb text_line_height_phone=\u00bb1.1em\u00bb text_line_height_last_edited=\u00bbon|phone\u00bb global_colors_info=\u00bb{}\u00bb text_font_size_last_edited=\u00bbon|phone\u00bb text_font_size_phone=\u00bb18px\u00bb sticky_enabled=\u00bb0&#8243; custom_padding=\u00bb8px|||0px||\u00bb width=\u00bb100%\u00bb min_height=\u00bb60.8px\u00bb custom_margin=\u00bb20px|||||\u00bb text_font_size_tablet=\u00bb23px\u00bb]<\/p>\n<p><span style=\"font-family: 'Advent Pro';\"><strong>Matavenero y Poibueno son dos grupos vecinales dentro del mismo proyecto de ecoaldea,<\/strong><\/span><strong style=\"font-family: 'Advent Pro';\">situado en la comarca del Bierzo (Le\u00f3n).<\/strong><\/p>\n<p>[\/et_pb_text][\/et_pb_column][\/et_pb_row][\/et_pb_section][et_pb_section fb_built=\u00bb1&#8243; _builder_version=\u00bb4.20.4&#8243; _module_preset=\u00bbdefault\u00bb global_colors_info=\u00bb{}\u00bb][et_pb_row _builder_version=\u00bb4.20.4&#8243; _module_preset=\u00bbdefault\u00bb width=\u00bb87%\u00bb custom_padding=\u00bb|0px||||\u00bb global_colors_info=\u00bb{}\u00bb][et_pb_column type=\u00bb4_4&#8243; _builder_version=\u00bb4.20.4&#8243; _module_preset=\u00bbdefault\u00bb global_colors_info=\u00bb{}\u00bb][et_pb_accordion toggle_icon=\u00bb&#x47;||divi||400&#8243; _builder_version=\u00bb4.21.0&#8243; _module_preset=\u00bbdefault\u00bb background_color=\u00bb#FFFFFF\u00bb width=\u00bb100%\u00bb border_radii=\u00bbon|15px|15px|15px|15px\u00bb global_colors_info=\u00bb{}\u00bb][et_pb_accordion_item title=\u00bbEn Matavenero y Poibueno&#8230;\u00bb open=\u00bbon\u00bb open_toggle_text_color=\u00bb#000000&#8243; _builder_version=\u00bb4.21.0&#8243; _module_preset=\u00bbdefault\u00bb inline_fonts=\u00bbAdvent Pro\u00bb global_colors_info=\u00bb{}\u00bb toggle_font=\u00bbAdvent Pro|600|||||||\u00bb]<\/p>\n<p style=\"font-weight: 400;\"><span style=\"font-size: medium;\"><strong><span style=\"font-family: 'Advent Pro';\">vivimos unas 60 personas, de nacionalidades, horizontes y formas de sentir el mundo diversas. Nos unen conceptos de decrecimiento, sostenibilidad, respeto de la Tierra y de sus recursos, el cuidado de las personas. Las distancias individuales en la aplicaci\u00f3n de esos conceptos son enormes, por lo que el respeto a las libertades individuales es el punto m\u00e1s fuerte de nuestra aldea.<\/span><\/strong><\/span><\/p>\n<p style=\"font-weight: 400;\"><span style=\"font-size: medium;\"><strong><span style=\"font-family: 'Advent Pro';\">Matavenero y Poibueno son pueblos que empezamos a reconstruir en los a\u00f1os 80, con la idea de asentar una comunidad y donde poder experimentar pr\u00e1cticas sociales alternativas. Hoy en d\u00eda gestionamos espacios y recursos comunes y 300 hect\u00e1reas de monte de forma asamblearia. Cada n\u00facleo familiar tiene su propia econom\u00eda y espacio de vida. El pueblo en constante cambio intenta integrar distintas ideas por lo que aqu\u00ed podr\u00e1s encontrar una econom\u00eda y una infraestructura com\u00fan coexistiendo tambi\u00e9n con la propiedad privada y unas econom\u00edas familiares independientes.<\/span><\/strong><\/span><\/p>\n<p>[\/et_pb_accordion_item][\/et_pb_accordion][\/et_pb_column][\/et_pb_row][\/et_pb_section]<\/p>\n","protected":false},"excerpt":{"rendered":"<p>Matavenero y Poibueno son dos grupos vecinales dentro del mismo proyecto de ecoaldea,situado en la comarca del Bierzo (Le\u00f3n).vivimos unas 60 personas, de nacionalidades, horizontes y formas de sentir el mundo diversas. Nos unen conceptos de decrecimiento, sostenibilidad, respeto de la Tierra y de sus recursos, el cuidado de las personas. Las distancias individuales en [&hellip;]<\/p>\n","protected":false},"author":1,"featured_media":0,"parent":0,"menu_order":0,"comment_status":"closed","ping_status":"closed","template":"","meta":{"_et_pb_use_builder":"on","_et_pb_old_content":"","_et_gb_content_width":"","om_disable_all_campaigns":false,"_monsterinsights_skip_tracking":false,"_monsterinsights_sitenote_active":false,"_monsterinsights_sitenote_note":"","_monsterinsights_sitenote_category":0,"footnotes":""},"class_list":["post-617","page","type-page","status-publish","hentry"],"aioseo_notices":[],"_links":{"self":[{"href":"https:\/\/matavenero.net\/index.php\/wp-json\/wp\/v2\/pages\/617","targetHints":{"allow":["GET"]}}],"collection":[{"href":"https:\/\/matavenero.net\/index.php\/wp-json\/wp\/v2\/pages"}],"about":[{"href":"https:\/\/matavenero.net\/index.php\/wp-json\/wp\/v2\/types\/page"}],"author":[{"embeddable":true,"href":"https:\/\/matavenero.net\/index.php\/wp-json\/wp\/v2\/users\/1"}],"replies":[{"embeddable":true,"href":"https:\/\/matavenero.net\/index.php\/wp-json\/wp\/v2\/comments?post=617"}],"version-history":[{"count":31,"href":"https:\/\/matavenero.net\/index.php\/wp-json\/wp\/v2\/pages\/617\/revisions"}],"predecessor-version":[{"id":1062,"href":"https:\/\/matavenero.net\/index.php\/wp-json\/wp\/v2\/pages\/617\/revisions\/1062"}],"wp:attachment":[{"href":"https:\/\/matavenero.net\/index.php\/wp-json\/wp\/v2\/media?parent=617"}],"curies":[{"name":"wp","href":"https:\/\/api.w.org\/{rel}","templated":true}]}}